{"id":29,"date":"2024-07-17T15:52:15","date_gmt":"2024-07-17T15:52:15","guid":{"rendered":"https:\/\/rufinogaston.rkinformatika.online\/?page_id=29"},"modified":"2024-07-22T10:28:49","modified_gmt":"2024-07-22T10:28:49","slug":"servicios","status":"publish","type":"page","link":"https:\/\/rufinogaston.com\/eu\/servicios\/","title":{"rendered":"Zerbitzuak"},"content":{"rendered":"\t\t<div data-elementor-type=\"wp-page\" data-elementor-id=\"29\" class=\"elementor elementor-29\" data-elementor-post-type=\"page\">\n\t\t\t\t\t\t<section class=\"elementor-section elementor-top-section elementor-element elementor-element-190d2015 elementor-section-height-min-height elementor-section-boxed elementor-section-height-default elementor-section-items-middle\" data-id=\"190d2015\" data-element_type=\"section\" data-e-type=\"section\" data-settings=\"{&quot;background_background&quot;:&quot;classic&quot;}\">\n\t\t\t\t\t\t\t<div class=\"elementor-background-overlay\"><\/div>\n\t\t\t\t\t\t\t<div class=\"elementor-container elementor-column-gap-wider\">\n\t\t\t\t\t<div class=\"elementor-column elementor-col-100 elementor-top-column elementor-element elementor-element-234ccfc\" data-id=\"234ccfc\" data-element_type=\"column\" data-e-type=\"column\">\n\t\t\t<div class=\"elementor-widget-wrap\">\n\t\t\t\t\t\t\t<\/div>\n\t\t<\/div>\n\t\t\t\t\t<\/div>\n\t\t<\/section>\n\t\t<div class=\"elementor-element elementor-element-2d668c5 e-flex e-con-boxed e-con e-parent\" data-id=\"2d668c5\" data-element_type=\"container\" data-e-type=\"container\">\n\t\t\t\t\t<div class=\"e-con-inner\">\n\t\t\t\t<div class=\"elementor-element elementor-element-7678173 elementor-invisible elementor-widget elementor-widget-heading\" data-id=\"7678173\" data-element_type=\"widget\" data-e-type=\"widget\" data-settings=\"{&quot;_animation&quot;:&quot;fadeInDown&quot;}\" data-widget_type=\"heading.default\">\n\t\t\t\t<div class=\"elementor-widget-container\">\n\t\t\t\t\t<h2 class=\"elementor-heading-title elementor-size-default\">Con 31 a\u00f1os de experiencia trabajando con yeso y mortero en todo tipo de viviendas y edificios.<\/h2>\t\t\t\t<\/div>\n\t\t\t\t<\/div>\n\t\t\t\t\t<\/div>\n\t\t\t\t<\/div>\n\t\t\t\t<section class=\"elementor-section elementor-top-section elementor-element elementor-element-3825d94c elementor-reverse-mobile elementor-section-boxed elementor-section-height-default elementor-section-height-default\" data-id=\"3825d94c\" data-element_type=\"section\" data-e-type=\"section\">\n\t\t\t\t\t\t<div class=\"elementor-container elementor-column-gap-wider\">\n\t\t\t\t\t<div class=\"elementor-column elementor-col-50 elementor-top-column elementor-element elementor-element-434f7839\" data-id=\"434f7839\" data-element_type=\"column\" data-e-type=\"column\">\n\t\t\t<div class=\"elementor-widget-wrap elementor-element-populated\">\n\t\t\t\t\t\t<div class=\"elementor-element elementor-element-8734ca3 elementor-widget elementor-widget-image\" data-id=\"8734ca3\" data-element_type=\"widget\" data-e-type=\"widget\" data-widget_type=\"image.default\">\n\t\t\t\t<div class=\"elementor-widget-container\">\n\t\t\t\t\t\t\t\t\t\t\t\t\t\t\t<img fetchpriority=\"high\" decoding=\"async\" width=\"2560\" height=\"2560\" src=\"https:\/\/rufinogaston.com\/wp-content\/uploads\/2024\/07\/closeup-plasterer-applying-plaster-house-interior-walls-1-scaled.jpg\" class=\"attachment-full size-full wp-image-334\" alt=\"\" srcset=\"https:\/\/rufinogaston.com\/wp-content\/uploads\/2024\/07\/closeup-plasterer-applying-plaster-house-interior-walls-1-scaled.jpg 2560w, https:\/\/rufinogaston.com\/wp-content\/uploads\/2024\/07\/closeup-plasterer-applying-plaster-house-interior-walls-1-300x300.jpg 300w, https:\/\/rufinogaston.com\/wp-content\/uploads\/2024\/07\/closeup-plasterer-applying-plaster-house-interior-walls-1-1024x1024.jpg 1024w, https:\/\/rufinogaston.com\/wp-content\/uploads\/2024\/07\/closeup-plasterer-applying-plaster-house-interior-walls-1-150x150.jpg 150w, https:\/\/rufinogaston.com\/wp-content\/uploads\/2024\/07\/closeup-plasterer-applying-plaster-house-interior-walls-1-768x768.jpg 768w, https:\/\/rufinogaston.com\/wp-content\/uploads\/2024\/07\/closeup-plasterer-applying-plaster-house-interior-walls-1-1536x1536.jpg 1536w, https:\/\/rufinogaston.com\/wp-content\/uploads\/2024\/07\/closeup-plasterer-applying-plaster-house-interior-walls-1-2048x2048.jpg 2048w, https:\/\/rufinogaston.com\/wp-content\/uploads\/2024\/07\/closeup-plasterer-applying-plaster-house-interior-walls-1-12x12.jpg 12w\" sizes=\"(max-width: 2560px) 100vw, 2560px\" \/>\t\t\t\t\t\t\t\t\t\t\t\t\t\t\t<\/div>\n\t\t\t\t<\/div>\n\t\t\t\t\t<\/div>\n\t\t<\/div>\n\t\t\t\t<div class=\"elementor-column elementor-col-50 elementor-top-column elementor-element elementor-element-55c508dd\" data-id=\"55c508dd\" data-element_type=\"column\" data-e-type=\"column\">\n\t\t\t<div class=\"elementor-widget-wrap elementor-element-populated\">\n\t\t\t\t\t\t<div class=\"elementor-element elementor-element-3f1e52cc elementor-invisible elementor-widget elementor-widget-heading\" data-id=\"3f1e52cc\" data-element_type=\"widget\" data-e-type=\"widget\" data-settings=\"{&quot;_animation&quot;:&quot;fadeInDown&quot;}\" data-widget_type=\"heading.default\">\n\t\t\t\t<div class=\"elementor-widget-container\">\n\t\t\t\t\t<h2 class=\"elementor-heading-title elementor-size-default\">Yesos<\/h2>\t\t\t\t<\/div>\n\t\t\t\t<\/div>\n\t\t\t\t<section class=\"elementor-section elementor-inner-section elementor-element elementor-element-57d89bd7 elementor-section-boxed elementor-section-height-default elementor-section-height-default\" data-id=\"57d89bd7\" data-element_type=\"section\" data-e-type=\"section\">\n\t\t\t\t\t\t<div class=\"elementor-container elementor-column-gap-default\">\n\t\t\t\t\t<div class=\"elementor-column elementor-col-100 elementor-inner-column elementor-element elementor-element-1b2023bd\" data-id=\"1b2023bd\" data-element_type=\"column\" data-e-type=\"column\">\n\t\t\t<div class=\"elementor-widget-wrap elementor-element-populated\">\n\t\t\t\t\t\t<div class=\"elementor-element elementor-element-961771f elementor-widget elementor-widget-text-editor\" data-id=\"961771f\" data-element_type=\"widget\" data-e-type=\"widget\" data-widget_type=\"text-editor.default\">\n\t\t\t\t<div class=\"elementor-widget-container\">\n\t\t\t\t\t\t\t\t\t<p>Con 31 a\u00f1os de experiencia en el sector, ofrezco servicios especializados en aplicaci\u00f3n de yeso para todo tipo de proyectos residenciales y comerciales. El yeso es un material vers\u00e1til y esencial en la construcci\u00f3n y decoraci\u00f3n de interiores. Proporciono acabados lisos y uniformes en paredes y techos, garantizando una apariencia impecable y de alta calidad. Mis t\u00e9cnicas profesionales aseguran una adherencia perfecta y una durabilidad excepcional, adapt\u00e1ndome a las necesidades espec\u00edficas de cada cliente.<\/p>\t\t\t\t\t\t\t\t<\/div>\n\t\t\t\t<\/div>\n\t\t\t\t\t<\/div>\n\t\t<\/div>\n\t\t\t\t\t<\/div>\n\t\t<\/section>\n\t\t\t\t\t<\/div>\n\t\t<\/div>\n\t\t\t\t\t<\/div>\n\t\t<\/section>\n\t\t\t\t<section class=\"elementor-section elementor-top-section elementor-element elementor-element-4417f1e elementor-section-boxed elementor-section-height-default elementor-section-height-default\" data-id=\"4417f1e\" data-element_type=\"section\" data-e-type=\"section\">\n\t\t\t\t\t\t<div class=\"elementor-container elementor-column-gap-wider\">\n\t\t\t\t\t<div class=\"elementor-column elementor-col-50 elementor-top-column elementor-element elementor-element-1503159\" data-id=\"1503159\" data-element_type=\"column\" data-e-type=\"column\">\n\t\t\t<div class=\"elementor-widget-wrap elementor-element-populated\">\n\t\t\t\t\t\t<div class=\"elementor-element elementor-element-57eb037 elementor-invisible elementor-widget elementor-widget-heading\" data-id=\"57eb037\" data-element_type=\"widget\" data-e-type=\"widget\" data-settings=\"{&quot;_animation&quot;:&quot;fadeInDown&quot;}\" data-widget_type=\"heading.default\">\n\t\t\t\t<div class=\"elementor-widget-container\">\n\t\t\t\t\t<h2 class=\"elementor-heading-title elementor-size-default\">Morteros<\/h2>\t\t\t\t<\/div>\n\t\t\t\t<\/div>\n\t\t\t\t<div class=\"elementor-element elementor-element-225a134 elementor-widget elementor-widget-text-editor\" data-id=\"225a134\" data-element_type=\"widget\" data-e-type=\"widget\" data-widget_type=\"text-editor.default\">\n\t\t\t\t<div class=\"elementor-widget-container\">\n\t\t\t\t\t\t\t\t\t<p>Adem\u00e1s, me especializo en el uso de morteros para una variedad de aplicaciones estructurales y decorativas. Los morteros son fundamentales para la construcci\u00f3n y reparaci\u00f3n de muros, suelos y otras superficies. Ofrezco un servicio integral que incluye la preparaci\u00f3n y aplicaci\u00f3n de morteros adecuados para cada tipo de proyecto, asegurando resistencia, estabilidad y un acabado perfecto. Mi objetivo es proporcionar soluciones duraderas y efectivas, siempre adaptadas a las demandas y expectativas de mis clientes, tanto en el \u00e1mbito residencial como en el comercial.<\/p>\t\t\t\t\t\t\t\t<\/div>\n\t\t\t\t<\/div>\n\t\t\t\t\t<\/div>\n\t\t<\/div>\n\t\t\t\t<div class=\"elementor-column elementor-col-50 elementor-top-column elementor-element elementor-element-a33aa80\" data-id=\"a33aa80\" data-element_type=\"column\" data-e-type=\"column\">\n\t\t\t<div class=\"elementor-widget-wrap elementor-element-populated\">\n\t\t\t\t\t\t<div class=\"elementor-element elementor-element-7f24df3 elementor-widget elementor-widget-image\" data-id=\"7f24df3\" data-element_type=\"widget\" data-e-type=\"widget\" data-widget_type=\"image.default\">\n\t\t\t\t<div class=\"elementor-widget-container\">\n\t\t\t\t\t\t\t\t\t\t\t\t\t\t\t<img decoding=\"async\" width=\"2560\" height=\"2560\" src=\"https:\/\/rufinogaston.com\/wp-content\/uploads\/2024\/07\/Design-sem-nome.jpg\" class=\"attachment-full size-full wp-image-337\" alt=\"\" srcset=\"https:\/\/rufinogaston.com\/wp-content\/uploads\/2024\/07\/Design-sem-nome.jpg 2560w, https:\/\/rufinogaston.com\/wp-content\/uploads\/2024\/07\/Design-sem-nome-300x300.jpg 300w, https:\/\/rufinogaston.com\/wp-content\/uploads\/2024\/07\/Design-sem-nome-1024x1024.jpg 1024w, https:\/\/rufinogaston.com\/wp-content\/uploads\/2024\/07\/Design-sem-nome-150x150.jpg 150w, https:\/\/rufinogaston.com\/wp-content\/uploads\/2024\/07\/Design-sem-nome-768x768.jpg 768w, https:\/\/rufinogaston.com\/wp-content\/uploads\/2024\/07\/Design-sem-nome-1536x1536.jpg 1536w, https:\/\/rufinogaston.com\/wp-content\/uploads\/2024\/07\/Design-sem-nome-2048x2048.jpg 2048w, https:\/\/rufinogaston.com\/wp-content\/uploads\/2024\/07\/Design-sem-nome-12x12.jpg 12w\" sizes=\"(max-width: 2560px) 100vw, 2560px\" \/>\t\t\t\t\t\t\t\t\t\t\t\t\t\t\t<\/div>\n\t\t\t\t<\/div>\n\t\t\t\t\t<\/div>\n\t\t<\/div>\n\t\t\t\t\t<\/div>\n\t\t<\/section>\n\t\t\t\t<section class=\"elementor-section elementor-top-section elementor-element elementor-element-bc0a76e elementor-section-full_width elementor-section-height-default elementor-section-height-default\" data-id=\"bc0a76e\" data-element_type=\"section\" data-e-type=\"section\" data-settings=\"{&quot;background_background&quot;:&quot;classic&quot;}\">\n\t\t\t\t\t\t\t<div class=\"elementor-background-overlay\"><\/div>\n\t\t\t\t\t\t\t<div class=\"elementor-container elementor-column-gap-wider\">\n\t\t\t\t\t<div class=\"elementor-column elementor-col-100 elementor-top-column elementor-element elementor-element-6c6da88\" data-id=\"6c6da88\" data-element_type=\"column\" data-e-type=\"column\" data-settings=\"{&quot;background_background&quot;:&quot;classic&quot;}\">\n\t\t\t<div class=\"elementor-widget-wrap elementor-element-populated\">\n\t\t\t\t\t<div class=\"elementor-background-overlay\"><\/div>\n\t\t\t\t\t\t<div class=\"elementor-element elementor-element-ec632e7 elementor-invisible elementor-widget elementor-widget-heading\" data-id=\"ec632e7\" data-element_type=\"widget\" data-e-type=\"widget\" data-settings=\"{&quot;_animation&quot;:&quot;fadeInDown&quot;}\" data-widget_type=\"heading.default\">\n\t\t\t\t<div class=\"elementor-widget-container\">\n\t\t\t\t\t<h2 class=\"elementor-heading-title elementor-size-default\">Transformo tu idea en realidad con un servicio especializado y soluciones personalizadas para cada proyecto de construcci\u00f3n.<\/h2>\t\t\t\t<\/div>\n\t\t\t\t<\/div>\n\t\t\t\t<div class=\"elementor-element elementor-element-f308b4e elementor-align-center elementor-invisible elementor-widget elementor-widget-button\" data-id=\"f308b4e\" data-element_type=\"widget\" data-e-type=\"widget\" data-settings=\"{&quot;_animation&quot;:&quot;fadeInDown&quot;}\" data-widget_type=\"button.default\">\n\t\t\t\t<div class=\"elementor-widget-container\">\n\t\t\t\t\t\t\t\t\t<div class=\"elementor-button-wrapper\">\n\t\t\t\t\t<a class=\"elementor-button elementor-button-link elementor-size-md\" href=\"http:\/\/[metform%20form_id=146]\" target=\"_blank\">\n\t\t\t\t\t\t<span class=\"elementor-button-content-wrapper\">\n\t\t\t\t\t\t\t\t\t<span class=\"elementor-button-text\">Presupuesto<\/span>\n\t\t\t\t\t<\/span>\n\t\t\t\t\t<\/a>\n\t\t\t\t<\/div>\n\t\t\t\t\t\t\t\t<\/div>\n\t\t\t\t<\/div>\n\t\t\t\t\t<\/div>\n\t\t<\/div>\n\t\t\t\t\t<\/div>\n\t\t<\/section>\n\t\t\t\t<\/div>\n\t\t","protected":false},"excerpt":{"rendered":"<p>Con 31 a\u00f1os de experiencia trabajando con yeso y mortero en todo tipo de viviendas y edificios. Yesos Con 31 a\u00f1os de experiencia en el sector, ofrezco servicios especializados en aplicaci\u00f3n de yeso para todo tipo de proyectos residenciales y comerciales. El yeso es un material vers\u00e1til y esencial en la construcci\u00f3n y decoraci\u00f3n de [&hellip;]<\/p>\n","protected":false},"author":1,"featured_media":0,"parent":0,"menu_order":0,"comment_status":"closed","ping_status":"closed","template":"elementor_canvas","meta":{"footnotes":""},"class_list":["post-29","page","type-page","status-publish","hentry"],"yoast_head":"<!-- This site is optimized with the Yoast SEO plugin v27.5 - https:\/\/yoast.com\/product\/yoast-seo-wordpress\/ -->\n<title>Servicios - Rufino Gaston<\/title>\n<meta name=\"robots\" content=\"index, follow, max-snippet:-1, max-image-preview:large, max-video-preview:-1\" \/>\n<link rel=\"canonical\" href=\"https:\/\/rufinogaston.com\/eu\/servicios\/\" \/>\n<meta property=\"og:locale\" content=\"en_US\" \/>\n<meta property=\"og:type\" content=\"article\" \/>\n<meta property=\"og:title\" content=\"Servicios - Rufino Gaston\" \/>\n<meta property=\"og:description\" content=\"Con 31 a\u00f1os de experiencia trabajando con yeso y mortero en todo tipo de viviendas y edificios. Yesos Con 31 a\u00f1os de experiencia en el sector, ofrezco servicios especializados en aplicaci\u00f3n de yeso para todo tipo de proyectos residenciales y comerciales. El yeso es un material vers\u00e1til y esencial en la construcci\u00f3n y decoraci\u00f3n de [&hellip;]\" \/>\n<meta property=\"og:url\" content=\"https:\/\/rufinogaston.com\/eu\/servicios\/\" \/>\n<meta property=\"og:site_name\" content=\"Rufino Gaston\" \/>\n<meta property=\"article:modified_time\" content=\"2024-07-22T10:28:49+00:00\" \/>\n<meta property=\"og:image\" content=\"https:\/\/rufinogaston.com\/wp-content\/uploads\/2024\/07\/closeup-plasterer-applying-plaster-house-interior-walls-1-scaled.jpg\" \/>\n<meta name=\"twitter:card\" content=\"summary_large_image\" \/>\n<meta name=\"twitter:label1\" content=\"Est. reading time\" \/>\n\t<meta name=\"twitter:data1\" content=\"2 minutua\" \/>\n<script type=\"application\/ld+json\" class=\"yoast-schema-graph\">{\"@context\":\"https:\\\/\\\/schema.org\",\"@graph\":[{\"@type\":\"WebPage\",\"@id\":\"https:\\\/\\\/rufinogaston.com\\\/servicios\\\/\",\"url\":\"https:\\\/\\\/rufinogaston.com\\\/servicios\\\/\",\"name\":\"Servicios - Rufino Gaston\",\"isPartOf\":{\"@id\":\"https:\\\/\\\/rufinogaston.com\\\/#website\"},\"primaryImageOfPage\":{\"@id\":\"https:\\\/\\\/rufinogaston.com\\\/servicios\\\/#primaryimage\"},\"image\":{\"@id\":\"https:\\\/\\\/rufinogaston.com\\\/servicios\\\/#primaryimage\"},\"thumbnailUrl\":\"https:\\\/\\\/rufinogaston.com\\\/wp-content\\\/uploads\\\/2024\\\/07\\\/closeup-plasterer-applying-plaster-house-interior-walls-1-scaled.jpg\",\"datePublished\":\"2024-07-17T15:52:15+00:00\",\"dateModified\":\"2024-07-22T10:28:49+00:00\",\"breadcrumb\":{\"@id\":\"https:\\\/\\\/rufinogaston.com\\\/servicios\\\/#breadcrumb\"},\"inLanguage\":\"eu\",\"potentialAction\":[{\"@type\":\"ReadAction\",\"target\":[\"https:\\\/\\\/rufinogaston.com\\\/servicios\\\/\"]}]},{\"@type\":\"ImageObject\",\"inLanguage\":\"eu\",\"@id\":\"https:\\\/\\\/rufinogaston.com\\\/servicios\\\/#primaryimage\",\"url\":\"https:\\\/\\\/rufinogaston.com\\\/wp-content\\\/uploads\\\/2024\\\/07\\\/closeup-plasterer-applying-plaster-house-interior-walls-1-scaled.jpg\",\"contentUrl\":\"https:\\\/\\\/rufinogaston.com\\\/wp-content\\\/uploads\\\/2024\\\/07\\\/closeup-plasterer-applying-plaster-house-interior-walls-1-scaled.jpg\"},{\"@type\":\"BreadcrumbList\",\"@id\":\"https:\\\/\\\/rufinogaston.com\\\/servicios\\\/#breadcrumb\",\"itemListElement\":[{\"@type\":\"ListItem\",\"position\":1,\"name\":\"Portada\",\"item\":\"https:\\\/\\\/rufinogaston.com\\\/\"},{\"@type\":\"ListItem\",\"position\":2,\"name\":\"Servicios\"}]},{\"@type\":\"WebSite\",\"@id\":\"https:\\\/\\\/rufinogaston.com\\\/#website\",\"url\":\"https:\\\/\\\/rufinogaston.com\\\/\",\"name\":\"Rufino Gaston\",\"description\":\"Yesos y morteros \",\"publisher\":{\"@id\":\"https:\\\/\\\/rufinogaston.com\\\/#organization\"},\"potentialAction\":[{\"@type\":\"SearchAction\",\"target\":{\"@type\":\"EntryPoint\",\"urlTemplate\":\"https:\\\/\\\/rufinogaston.com\\\/?s={search_term_string}\"},\"query-input\":{\"@type\":\"PropertyValueSpecification\",\"valueRequired\":true,\"valueName\":\"search_term_string\"}}],\"inLanguage\":\"eu\"},{\"@type\":\"Organization\",\"@id\":\"https:\\\/\\\/rufinogaston.com\\\/#organization\",\"name\":\"Rufino Gaston\",\"url\":\"https:\\\/\\\/rufinogaston.com\\\/\",\"logo\":{\"@type\":\"ImageObject\",\"inLanguage\":\"eu\",\"@id\":\"https:\\\/\\\/rufinogaston.com\\\/#\\\/schema\\\/logo\\\/image\\\/\",\"url\":\"https:\\\/\\\/rufinogaston.com\\\/wp-content\\\/uploads\\\/2024\\\/07\\\/cropped-2.png\",\"contentUrl\":\"https:\\\/\\\/rufinogaston.com\\\/wp-content\\\/uploads\\\/2024\\\/07\\\/cropped-2.png\",\"width\":500,\"height\":206,\"caption\":\"Rufino Gaston\"},\"image\":{\"@id\":\"https:\\\/\\\/rufinogaston.com\\\/#\\\/schema\\\/logo\\\/image\\\/\"}}]}<\/script>\n<!-- \/ Yoast SEO plugin. -->","yoast_head_json":{"title":"Servicios - Rufino Gaston","robots":{"index":"index","follow":"follow","max-snippet":"max-snippet:-1","max-image-preview":"max-image-preview:large","max-video-preview":"max-video-preview:-1"},"canonical":"https:\/\/rufinogaston.com\/eu\/servicios\/","og_locale":"en_US","og_type":"article","og_title":"Servicios - Rufino Gaston","og_description":"Con 31 a\u00f1os de experiencia trabajando con yeso y mortero en todo tipo de viviendas y edificios. Yesos Con 31 a\u00f1os de experiencia en el sector, ofrezco servicios especializados en aplicaci\u00f3n de yeso para todo tipo de proyectos residenciales y comerciales. El yeso es un material vers\u00e1til y esencial en la construcci\u00f3n y decoraci\u00f3n de [&hellip;]","og_url":"https:\/\/rufinogaston.com\/eu\/servicios\/","og_site_name":"Rufino Gaston","article_modified_time":"2024-07-22T10:28:49+00:00","og_image":[{"url":"https:\/\/rufinogaston.com\/wp-content\/uploads\/2024\/07\/closeup-plasterer-applying-plaster-house-interior-walls-1-scaled.jpg","type":"","width":"","height":""}],"twitter_card":"summary_large_image","twitter_misc":{"Est. reading time":"2 minutua"},"schema":{"@context":"https:\/\/schema.org","@graph":[{"@type":"WebPage","@id":"https:\/\/rufinogaston.com\/servicios\/","url":"https:\/\/rufinogaston.com\/servicios\/","name":"Servicios - Rufino Gaston","isPartOf":{"@id":"https:\/\/rufinogaston.com\/#website"},"primaryImageOfPage":{"@id":"https:\/\/rufinogaston.com\/servicios\/#primaryimage"},"image":{"@id":"https:\/\/rufinogaston.com\/servicios\/#primaryimage"},"thumbnailUrl":"https:\/\/rufinogaston.com\/wp-content\/uploads\/2024\/07\/closeup-plasterer-applying-plaster-house-interior-walls-1-scaled.jpg","datePublished":"2024-07-17T15:52:15+00:00","dateModified":"2024-07-22T10:28:49+00:00","breadcrumb":{"@id":"https:\/\/rufinogaston.com\/servicios\/#breadcrumb"},"inLanguage":"eu","potentialAction":[{"@type":"ReadAction","target":["https:\/\/rufinogaston.com\/servicios\/"]}]},{"@type":"ImageObject","inLanguage":"eu","@id":"https:\/\/rufinogaston.com\/servicios\/#primaryimage","url":"https:\/\/rufinogaston.com\/wp-content\/uploads\/2024\/07\/closeup-plasterer-applying-plaster-house-interior-walls-1-scaled.jpg","contentUrl":"https:\/\/rufinogaston.com\/wp-content\/uploads\/2024\/07\/closeup-plasterer-applying-plaster-house-interior-walls-1-scaled.jpg"},{"@type":"BreadcrumbList","@id":"https:\/\/rufinogaston.com\/servicios\/#breadcrumb","itemListElement":[{"@type":"ListItem","position":1,"name":"Portada","item":"https:\/\/rufinogaston.com\/"},{"@type":"ListItem","position":2,"name":"Servicios"}]},{"@type":"WebSite","@id":"https:\/\/rufinogaston.com\/#website","url":"https:\/\/rufinogaston.com\/","name":"Rufino Gaston","description":"Yesos y morteros","publisher":{"@id":"https:\/\/rufinogaston.com\/#organization"},"potentialAction":[{"@type":"SearchAction","target":{"@type":"EntryPoint","urlTemplate":"https:\/\/rufinogaston.com\/?s={search_term_string}"},"query-input":{"@type":"PropertyValueSpecification","valueRequired":true,"valueName":"search_term_string"}}],"inLanguage":"eu"},{"@type":"Organization","@id":"https:\/\/rufinogaston.com\/#organization","name":"Rufino Gaston","url":"https:\/\/rufinogaston.com\/","logo":{"@type":"ImageObject","inLanguage":"eu","@id":"https:\/\/rufinogaston.com\/#\/schema\/logo\/image\/","url":"https:\/\/rufinogaston.com\/wp-content\/uploads\/2024\/07\/cropped-2.png","contentUrl":"https:\/\/rufinogaston.com\/wp-content\/uploads\/2024\/07\/cropped-2.png","width":500,"height":206,"caption":"Rufino Gaston"},"image":{"@id":"https:\/\/rufinogaston.com\/#\/schema\/logo\/image\/"}}]}},"_links":{"self":[{"href":"https:\/\/rufinogaston.com\/eu\/wp-json\/wp\/v2\/pages\/29","targetHints":{"allow":["GET"]}}],"collection":[{"href":"https:\/\/rufinogaston.com\/eu\/wp-json\/wp\/v2\/pages"}],"about":[{"href":"https:\/\/rufinogaston.com\/eu\/wp-json\/wp\/v2\/types\/page"}],"author":[{"embeddable":true,"href":"https:\/\/rufinogaston.com\/eu\/wp-json\/wp\/v2\/users\/1"}],"replies":[{"embeddable":true,"href":"https:\/\/rufinogaston.com\/eu\/wp-json\/wp\/v2\/comments?post=29"}],"version-history":[{"count":76,"href":"https:\/\/rufinogaston.com\/eu\/wp-json\/wp\/v2\/pages\/29\/revisions"}],"predecessor-version":[{"id":449,"href":"https:\/\/rufinogaston.com\/eu\/wp-json\/wp\/v2\/pages\/29\/revisions\/449"}],"wp:attachment":[{"href":"https:\/\/rufinogaston.com\/eu\/wp-json\/wp\/v2\/media?parent=29"}],"curies":[{"name":"wp","href":"https:\/\/api.w.org\/{rel}","templated":true}]}}