{"id":121,"date":"2024-07-18T09:01:34","date_gmt":"2024-07-18T09:01:34","guid":{"rendered":"https:\/\/rufinogaston.rkinformatika.online\/?page_id=121"},"modified":"2024-07-18T12:00:41","modified_gmt":"2024-07-18T12:00:41","slug":"inicio","status":"publish","type":"page","link":"https:\/\/rufinogaston.com\/eu\/","title":{"rendered":"Hasiera"},"content":{"rendered":"\t\t<div data-elementor-type=\"wp-page\" data-elementor-id=\"121\" class=\"elementor elementor-121\" data-elementor-post-type=\"page\">\n\t\t\t\t\t\t<section class=\"elementor-section elementor-top-section elementor-element elementor-element-6dea93a6 elementor-section-full_width elementor-section-height-default elementor-section-height-default\" data-id=\"6dea93a6\" data-element_type=\"section\" data-e-type=\"section\" data-settings=\"{&quot;background_background&quot;:&quot;classic&quot;}\">\n\t\t\t\t\t\t<div class=\"elementor-container elementor-column-gap-default\">\n\t\t\t\t\t<div class=\"elementor-column elementor-col-100 elementor-top-column elementor-element elementor-element-1c5666a9\" data-id=\"1c5666a9\" data-element_type=\"column\" data-e-type=\"column\" data-settings=\"{&quot;background_background&quot;:&quot;classic&quot;}\">\n\t\t\t<div class=\"elementor-widget-wrap elementor-element-populated\">\n\t\t\t\t\t<div class=\"elementor-background-overlay\"><\/div>\n\t\t\t\t\t\t<section class=\"elementor-section elementor-inner-section elementor-element elementor-element-776e3570 elementor-section-height-min-height elementor-section-boxed elementor-section-height-default\" data-id=\"776e3570\" data-element_type=\"section\" data-e-type=\"section\" data-settings=\"{&quot;background_background&quot;:&quot;classic&quot;}\">\n\t\t\t\t\t\t<div class=\"elementor-container elementor-column-gap-wider\">\n\t\t\t\t\t<div class=\"elementor-column elementor-col-100 elementor-inner-column elementor-element elementor-element-6d335602\" data-id=\"6d335602\" data-element_type=\"column\" data-e-type=\"column\">\n\t\t\t<div class=\"elementor-widget-wrap elementor-element-populated\">\n\t\t\t\t\t\t<div class=\"elementor-element elementor-element-287d7f33 elementor-headline--style-highlight elementor-widget elementor-widget-animated-headline\" data-id=\"287d7f33\" data-element_type=\"widget\" data-e-type=\"widget\" data-settings=\"{&quot;marker&quot;:&quot;strikethrough&quot;,&quot;highlighted_text&quot;:&quot;aplicaci\\u00f3n de yesos y morteros. &quot;,&quot;headline_style&quot;:&quot;highlight&quot;,&quot;highlight_animation_duration&quot;:1200}\" data-widget_type=\"animated-headline.default\">\n\t\t\t\t<div class=\"elementor-widget-container\">\n\t\t\t\t\t\t\t<h1 class=\"elementor-headline\">\n\t\t\t\t\t<span class=\"elementor-headline-plain-text elementor-headline-text-wrapper\">Revestimientos en<\/span>\n\t\t\t\t<span class=\"elementor-headline-dynamic-wrapper elementor-headline-text-wrapper\">\n\t\t\t\t\t<span class=\"elementor-headline-dynamic-text elementor-headline-text-active\">aplicaci\u00f3n de yesos y morteros. <\/span>\n\t\t\t\t<\/span>\n\t\t\t\t\t<span class=\"elementor-headline-plain-text elementor-headline-text-wrapper\">Resultados y profesionalidad 100% garantizados.<\/span>\n\t\t\t\t\t<\/h1>\n\t\t\t\t\t\t<\/div>\n\t\t\t\t<\/div>\n\t\t\t\t\t<\/div>\n\t\t<\/div>\n\t\t\t\t\t<\/div>\n\t\t<\/section>\n\t\t\t\t\t<\/div>\n\t\t<\/div>\n\t\t\t\t\t<\/div>\n\t\t<\/section>\n\t\t\t\t<section class=\"elementor-section elementor-top-section elementor-element elementor-element-19def866 elementor-section-boxed elementor-section-height-default elementor-section-height-default\" data-id=\"19def866\" data-element_type=\"section\" data-e-type=\"section\" data-settings=\"{&quot;background_background&quot;:&quot;classic&quot;}\">\n\t\t\t\t\t\t<div class=\"elementor-container elementor-column-gap-wider\">\n\t\t\t\t\t<div class=\"elementor-column elementor-col-100 elementor-top-column elementor-element elementor-element-2a364b6c\" data-id=\"2a364b6c\" data-element_type=\"column\" data-e-type=\"column\" data-settings=\"{&quot;background_background&quot;:&quot;gradient&quot;}\">\n\t\t\t<div class=\"elementor-widget-wrap elementor-element-populated\">\n\t\t\t\t\t\t<section class=\"elementor-section elementor-inner-section elementor-element elementor-element-51438c61 elementor-section-boxed elementor-section-height-default elementor-section-height-default\" data-id=\"51438c61\" data-element_type=\"section\" data-e-type=\"section\">\n\t\t\t\t\t\t<div class=\"elementor-container elementor-column-gap-wider\">\n\t\t\t\t\t<div class=\"elementor-column elementor-col-100 elementor-inner-column elementor-element elementor-element-3496ecb5\" data-id=\"3496ecb5\" data-element_type=\"column\" data-e-type=\"column\">\n\t\t\t<div class=\"elementor-widget-wrap elementor-element-populated\">\n\t\t\t\t\t\t<div class=\"elementor-element elementor-element-a932c5 elementor-invisible elementor-widget elementor-widget-heading\" data-id=\"a932c5\" data-element_type=\"widget\" data-e-type=\"widget\" data-settings=\"{&quot;_animation&quot;:&quot;fadeInDown&quot;}\" data-widget_type=\"heading.default\">\n\t\t\t\t<div class=\"elementor-widget-container\">\n\t\t\t\t\t<h2 class=\"elementor-heading-title elementor-size-default\">\u00bfQu\u00e9 puedo hacer por ti?<\/h2>\t\t\t\t<\/div>\n\t\t\t\t<\/div>\n\t\t\t\t<div class=\"elementor-element elementor-element-13b59e8f elementor-widget__width-initial elementor-widget-mobile__width-inherit elementor-invisible elementor-widget elementor-widget-text-editor\" data-id=\"13b59e8f\" data-element_type=\"widget\" data-e-type=\"widget\" data-settings=\"{&quot;_animation&quot;:&quot;fadeInDown&quot;}\" data-widget_type=\"text-editor.default\">\n\t\t\t\t<div class=\"elementor-widget-container\">\n\t\t\t\t\t\t\t\t\t<p>Experto en yeso y mortero, ofrezco servicio especializado que garantiza soluci\u00f3n integral para tu proyecto de construcci\u00f3n. Me dedico a proporcionar acabado de alta calidad, duradero y adaptado a tus necesidades espec\u00edficas. Conf\u00eda en mi equipo para llevar a cabo tu obra con profesionalismo y excelencia.<\/p>\t\t\t\t\t\t\t\t<\/div>\n\t\t\t\t<\/div>\n\t\t\t\t\t<\/div>\n\t\t<\/div>\n\t\t\t\t\t<\/div>\n\t\t<\/section>\n\t\t\t\t\t<\/div>\n\t\t<\/div>\n\t\t\t\t\t<\/div>\n\t\t<\/section>\n\t\t\t\t<section class=\"elementor-section elementor-top-section elementor-element elementor-element-71996df elementor-section-boxed elementor-section-height-default elementor-section-height-default\" data-id=\"71996df\" data-element_type=\"section\" data-e-type=\"section\">\n\t\t\t\t\t\t<div class=\"elementor-container elementor-column-gap-wider\">\n\t\t\t\t\t<div class=\"elementor-column elementor-col-50 elementor-top-column elementor-element elementor-element-4b838df0\" data-id=\"4b838df0\" data-element_type=\"column\" data-e-type=\"column\" data-settings=\"{&quot;background_background&quot;:&quot;classic&quot;}\">\n\t\t\t<div class=\"elementor-widget-wrap elementor-element-populated\">\n\t\t\t\t\t\t<div class=\"elementor-element elementor-element-66c29d6c elementor-widget__width-initial elementor-widget elementor-widget-counter\" data-id=\"66c29d6c\" data-element_type=\"widget\" data-e-type=\"widget\" data-widget_type=\"counter.default\">\n\t\t\t\t<div class=\"elementor-widget-container\">\n\t\t\t\t\t\t\t<div class=\"elementor-counter\">\n\t\t\t\t\t\t<div class=\"elementor-counter-number-wrapper\">\n\t\t\t\t<span class=\"elementor-counter-number-prefix\"><\/span>\n\t\t\t\t<span class=\"elementor-counter-number\" data-duration=\"2000\" data-to-value=\"31\" data-from-value=\"0\" data-delimiter=\",\">0<\/span>\n\t\t\t\t<span class=\"elementor-counter-number-suffix\"> a\u00f1os<\/span>\n\t\t\t<\/div>\n\t\t<\/div>\n\t\t\t\t\t\t<\/div>\n\t\t\t\t<\/div>\n\t\t\t\t<div class=\"elementor-element elementor-element-4052d7fc elementor-invisible elementor-widget elementor-widget-heading\" data-id=\"4052d7fc\" data-element_type=\"widget\" data-e-type=\"widget\" data-settings=\"{&quot;_animation&quot;:&quot;fadeInDown&quot;}\" data-widget_type=\"heading.default\">\n\t\t\t\t<div class=\"elementor-widget-container\">\n\t\t\t\t\t<h5 class=\"elementor-heading-title elementor-size-default\">de experiencia\n<\/h5>\t\t\t\t<\/div>\n\t\t\t\t<\/div>\n\t\t\t\t\t<\/div>\n\t\t<\/div>\n\t\t\t\t<div class=\"elementor-column elementor-col-50 elementor-top-column elementor-element elementor-element-5947ee61\" data-id=\"5947ee61\" data-element_type=\"column\" data-e-type=\"column\" data-settings=\"{&quot;background_background&quot;:&quot;classic&quot;}\">\n\t\t\t<div class=\"elementor-widget-wrap elementor-element-populated\">\n\t\t\t\t\t\t<div class=\"elementor-element elementor-element-60e5577b elementor-invisible elementor-widget elementor-widget-heading\" data-id=\"60e5577b\" data-element_type=\"widget\" data-e-type=\"widget\" data-settings=\"{&quot;_animation&quot;:&quot;fadeInDown&quot;}\" data-widget_type=\"heading.default\">\n\t\t\t\t<div class=\"elementor-widget-container\">\n\t\t\t\t\t<h5 class=\"elementor-heading-title elementor-size-default\">La calidad, mi sello de identidad<\/h5>\t\t\t\t<\/div>\n\t\t\t\t<\/div>\n\t\t\t\t<div class=\"elementor-element elementor-element-59564c39 elementor-invisible elementor-widget elementor-widget-text-editor\" data-id=\"59564c39\" data-element_type=\"widget\" data-e-type=\"widget\" data-settings=\"{&quot;_animation&quot;:&quot;fadeInDown&quot;}\" data-widget_type=\"text-editor.default\">\n\t\t\t\t<div class=\"elementor-widget-container\">\n\t\t\t\t\t\t\t\t\t<p>Mi compromiso es brindar un servicio de calidad, profesional y adaptado a las necesidades \u00fanicas de cada proyecto. Analizo cada situaci\u00f3n para ofrecer la mejor soluci\u00f3n posible.<\/p>\t\t\t\t\t\t\t\t<\/div>\n\t\t\t\t<\/div>\n\t\t\t\t\t<\/div>\n\t\t<\/div>\n\t\t\t\t\t<\/div>\n\t\t<\/section>\n\t\t\t\t<section class=\"elementor-section elementor-top-section elementor-element elementor-element-560fd54b elementor-section-full_width elementor-section-height-default elementor-section-height-default\" data-id=\"560fd54b\" data-element_type=\"section\" data-e-type=\"section\" data-settings=\"{&quot;background_background&quot;:&quot;classic&quot;}\">\n\t\t\t\t\t\t\t<div class=\"elementor-background-overlay\"><\/div>\n\t\t\t\t\t\t\t<div class=\"elementor-container elementor-column-gap-wider\">\n\t\t\t\t\t<div class=\"elementor-column elementor-col-100 elementor-top-column elementor-element elementor-element-5ac7dbb6\" data-id=\"5ac7dbb6\" data-element_type=\"column\" data-e-type=\"column\" data-settings=\"{&quot;background_background&quot;:&quot;classic&quot;}\">\n\t\t\t<div class=\"elementor-widget-wrap elementor-element-populated\">\n\t\t\t\t\t<div class=\"elementor-background-overlay\"><\/div>\n\t\t\t\t\t\t<div class=\"elementor-element elementor-element-7fc2718d elementor-invisible elementor-widget elementor-widget-heading\" data-id=\"7fc2718d\" data-element_type=\"widget\" data-e-type=\"widget\" data-settings=\"{&quot;_animation&quot;:&quot;fadeInDown&quot;}\" data-widget_type=\"heading.default\">\n\t\t\t\t<div class=\"elementor-widget-container\">\n\t\t\t\t\t<h2 class=\"elementor-heading-title elementor-size-default\">Transformo tu idea en realidad con un servicio especializado y soluciones personalizadas para cada proyecto de construcci\u00f3n.<\/h2>\t\t\t\t<\/div>\n\t\t\t\t<\/div>\n\t\t\t\t<div class=\"elementor-element elementor-element-6ad159ce elementor-align-center elementor-invisible elementor-widget elementor-widget-button\" data-id=\"6ad159ce\" data-element_type=\"widget\" data-e-type=\"widget\" data-settings=\"{&quot;_animation&quot;:&quot;fadeInDown&quot;}\" data-widget_type=\"button.default\">\n\t\t\t\t<div class=\"elementor-widget-container\">\n\t\t\t\t\t\t\t\t\t<div class=\"elementor-button-wrapper\">\n\t\t\t\t\t<a class=\"elementor-button elementor-button-link elementor-size-md\" href=\"http:\/\/[metform%20form_id=146]\" target=\"_blank\">\n\t\t\t\t\t\t<span class=\"elementor-button-content-wrapper\">\n\t\t\t\t\t\t\t\t\t<span class=\"elementor-button-text\">Presupuesto<\/span>\n\t\t\t\t\t<\/span>\n\t\t\t\t\t<\/a>\n\t\t\t\t<\/div>\n\t\t\t\t\t\t\t\t<\/div>\n\t\t\t\t<\/div>\n\t\t\t\t\t<\/div>\n\t\t<\/div>\n\t\t\t\t\t<\/div>\n\t\t<\/section>\n\t\t\t\t<\/div>\n\t\t","protected":false},"excerpt":{"rendered":"<p>Revestimientos en aplicaci\u00f3n de yesos y morteros. Resultados y profesionalidad 100% garantizados. \u00bfQu\u00e9 puedo hacer por ti? Experto en yeso y mortero, ofrezco servicio especializado que garantiza soluci\u00f3n integral para tu proyecto de construcci\u00f3n. Me dedico a proporcionar acabado de alta calidad, duradero y adaptado a tus necesidades espec\u00edficas. Conf\u00eda en mi equipo para llevar [&hellip;]<\/p>\n","protected":false},"author":1,"featured_media":0,"parent":0,"menu_order":0,"comment_status":"closed","ping_status":"closed","template":"elementor_canvas","meta":{"footnotes":""},"class_list":["post-121","page","type-page","status-publish","hentry"],"yoast_head":"<!-- This site is optimized with the Yoast SEO plugin v27.5 - https:\/\/yoast.com\/product\/yoast-seo-wordpress\/ -->\n<title>Inicio - Rufino Gaston<\/title>\n<meta name=\"robots\" content=\"index, follow, max-snippet:-1, max-image-preview:large, max-video-preview:-1\" \/>\n<link rel=\"canonical\" href=\"https:\/\/rufinogaston.com\/eu\/\" \/>\n<meta property=\"og:locale\" content=\"en_US\" \/>\n<meta property=\"og:type\" content=\"article\" \/>\n<meta property=\"og:title\" content=\"Inicio - Rufino Gaston\" \/>\n<meta property=\"og:description\" content=\"Revestimientos en aplicaci\u00f3n de yesos y morteros. Resultados y profesionalidad 100% garantizados. \u00bfQu\u00e9 puedo hacer por ti? Experto en yeso y mortero, ofrezco servicio especializado que garantiza soluci\u00f3n integral para tu proyecto de construcci\u00f3n. Me dedico a proporcionar acabado de alta calidad, duradero y adaptado a tus necesidades espec\u00edficas. Conf\u00eda en mi equipo para llevar [&hellip;]\" \/>\n<meta property=\"og:url\" content=\"https:\/\/rufinogaston.com\/eu\/\" \/>\n<meta property=\"og:site_name\" content=\"Rufino Gaston\" \/>\n<meta property=\"article:modified_time\" content=\"2024-07-18T12:00:41+00:00\" \/>\n<meta name=\"twitter:card\" content=\"summary_large_image\" \/>\n<meta name=\"twitter:label1\" content=\"Est. reading time\" \/>\n\t<meta name=\"twitter:data1\" content=\"1 minutua\" \/>\n<script type=\"application\/ld+json\" class=\"yoast-schema-graph\">{\"@context\":\"https:\\\/\\\/schema.org\",\"@graph\":[{\"@type\":\"WebPage\",\"@id\":\"https:\\\/\\\/rufinogaston.com\\\/\",\"url\":\"https:\\\/\\\/rufinogaston.com\\\/\",\"name\":\"Inicio - Rufino Gaston\",\"isPartOf\":{\"@id\":\"https:\\\/\\\/rufinogaston.com\\\/#website\"},\"datePublished\":\"2024-07-18T09:01:34+00:00\",\"dateModified\":\"2024-07-18T12:00:41+00:00\",\"breadcrumb\":{\"@id\":\"https:\\\/\\\/rufinogaston.com\\\/#breadcrumb\"},\"inLanguage\":\"eu\",\"potentialAction\":[{\"@type\":\"ReadAction\",\"target\":[\"https:\\\/\\\/rufinogaston.com\\\/\"]}]},{\"@type\":\"BreadcrumbList\",\"@id\":\"https:\\\/\\\/rufinogaston.com\\\/#breadcrumb\",\"itemListElement\":[{\"@type\":\"ListItem\",\"position\":1,\"name\":\"Portada\",\"item\":\"https:\\\/\\\/rufinogaston.com\\\/\"},{\"@type\":\"ListItem\",\"position\":2,\"name\":\"Inicio\"}]},{\"@type\":\"WebSite\",\"@id\":\"https:\\\/\\\/rufinogaston.com\\\/#website\",\"url\":\"https:\\\/\\\/rufinogaston.com\\\/\",\"name\":\"Rufino Gaston\",\"description\":\"Yesos y morteros \",\"publisher\":{\"@id\":\"https:\\\/\\\/rufinogaston.com\\\/#organization\"},\"potentialAction\":[{\"@type\":\"SearchAction\",\"target\":{\"@type\":\"EntryPoint\",\"urlTemplate\":\"https:\\\/\\\/rufinogaston.com\\\/?s={search_term_string}\"},\"query-input\":{\"@type\":\"PropertyValueSpecification\",\"valueRequired\":true,\"valueName\":\"search_term_string\"}}],\"inLanguage\":\"eu\"},{\"@type\":\"Organization\",\"@id\":\"https:\\\/\\\/rufinogaston.com\\\/#organization\",\"name\":\"Rufino Gaston\",\"url\":\"https:\\\/\\\/rufinogaston.com\\\/\",\"logo\":{\"@type\":\"ImageObject\",\"inLanguage\":\"eu\",\"@id\":\"https:\\\/\\\/rufinogaston.com\\\/#\\\/schema\\\/logo\\\/image\\\/\",\"url\":\"https:\\\/\\\/rufinogaston.com\\\/wp-content\\\/uploads\\\/2024\\\/07\\\/cropped-2.png\",\"contentUrl\":\"https:\\\/\\\/rufinogaston.com\\\/wp-content\\\/uploads\\\/2024\\\/07\\\/cropped-2.png\",\"width\":500,\"height\":206,\"caption\":\"Rufino Gaston\"},\"image\":{\"@id\":\"https:\\\/\\\/rufinogaston.com\\\/#\\\/schema\\\/logo\\\/image\\\/\"}}]}<\/script>\n<!-- \/ Yoast SEO plugin. -->","yoast_head_json":{"title":"Inicio - Rufino Gaston","robots":{"index":"index","follow":"follow","max-snippet":"max-snippet:-1","max-image-preview":"max-image-preview:large","max-video-preview":"max-video-preview:-1"},"canonical":"https:\/\/rufinogaston.com\/eu\/","og_locale":"en_US","og_type":"article","og_title":"Inicio - Rufino Gaston","og_description":"Revestimientos en aplicaci\u00f3n de yesos y morteros. Resultados y profesionalidad 100% garantizados. \u00bfQu\u00e9 puedo hacer por ti? Experto en yeso y mortero, ofrezco servicio especializado que garantiza soluci\u00f3n integral para tu proyecto de construcci\u00f3n. Me dedico a proporcionar acabado de alta calidad, duradero y adaptado a tus necesidades espec\u00edficas. Conf\u00eda en mi equipo para llevar [&hellip;]","og_url":"https:\/\/rufinogaston.com\/eu\/","og_site_name":"Rufino Gaston","article_modified_time":"2024-07-18T12:00:41+00:00","twitter_card":"summary_large_image","twitter_misc":{"Est. reading time":"1 minutua"},"schema":{"@context":"https:\/\/schema.org","@graph":[{"@type":"WebPage","@id":"https:\/\/rufinogaston.com\/","url":"https:\/\/rufinogaston.com\/","name":"Inicio - Rufino Gaston","isPartOf":{"@id":"https:\/\/rufinogaston.com\/#website"},"datePublished":"2024-07-18T09:01:34+00:00","dateModified":"2024-07-18T12:00:41+00:00","breadcrumb":{"@id":"https:\/\/rufinogaston.com\/#breadcrumb"},"inLanguage":"eu","potentialAction":[{"@type":"ReadAction","target":["https:\/\/rufinogaston.com\/"]}]},{"@type":"BreadcrumbList","@id":"https:\/\/rufinogaston.com\/#breadcrumb","itemListElement":[{"@type":"ListItem","position":1,"name":"Portada","item":"https:\/\/rufinogaston.com\/"},{"@type":"ListItem","position":2,"name":"Inicio"}]},{"@type":"WebSite","@id":"https:\/\/rufinogaston.com\/#website","url":"https:\/\/rufinogaston.com\/","name":"Rufino Gaston","description":"Yesos y morteros","publisher":{"@id":"https:\/\/rufinogaston.com\/#organization"},"potentialAction":[{"@type":"SearchAction","target":{"@type":"EntryPoint","urlTemplate":"https:\/\/rufinogaston.com\/?s={search_term_string}"},"query-input":{"@type":"PropertyValueSpecification","valueRequired":true,"valueName":"search_term_string"}}],"inLanguage":"eu"},{"@type":"Organization","@id":"https:\/\/rufinogaston.com\/#organization","name":"Rufino Gaston","url":"https:\/\/rufinogaston.com\/","logo":{"@type":"ImageObject","inLanguage":"eu","@id":"https:\/\/rufinogaston.com\/#\/schema\/logo\/image\/","url":"https:\/\/rufinogaston.com\/wp-content\/uploads\/2024\/07\/cropped-2.png","contentUrl":"https:\/\/rufinogaston.com\/wp-content\/uploads\/2024\/07\/cropped-2.png","width":500,"height":206,"caption":"Rufino Gaston"},"image":{"@id":"https:\/\/rufinogaston.com\/#\/schema\/logo\/image\/"}}]}},"_links":{"self":[{"href":"https:\/\/rufinogaston.com\/eu\/wp-json\/wp\/v2\/pages\/121","targetHints":{"allow":["GET"]}}],"collection":[{"href":"https:\/\/rufinogaston.com\/eu\/wp-json\/wp\/v2\/pages"}],"about":[{"href":"https:\/\/rufinogaston.com\/eu\/wp-json\/wp\/v2\/types\/page"}],"author":[{"embeddable":true,"href":"https:\/\/rufinogaston.com\/eu\/wp-json\/wp\/v2\/users\/1"}],"replies":[{"embeddable":true,"href":"https:\/\/rufinogaston.com\/eu\/wp-json\/wp\/v2\/comments?post=121"}],"version-history":[{"count":85,"href":"https:\/\/rufinogaston.com\/eu\/wp-json\/wp\/v2\/pages\/121\/revisions"}],"predecessor-version":[{"id":312,"href":"https:\/\/rufinogaston.com\/eu\/wp-json\/wp\/v2\/pages\/121\/revisions\/312"}],"wp:attachment":[{"href":"https:\/\/rufinogaston.com\/eu\/wp-json\/wp\/v2\/media?parent=121"}],"curies":[{"name":"wp","href":"https:\/\/api.w.org\/{rel}","templated":true}]}}